{"id":10,"date":"2016-11-09T12:45:58","date_gmt":"2016-11-09T12:45:58","guid":{"rendered":"http:\/\/estra.com.ee\/?page_id=10"},"modified":"2022-09-28T07:49:03","modified_gmt":"2022-09-28T07:49:03","slug":"tellimuskoolitused","status":"publish","type":"page","link":"https:\/\/www.estoniantraining.ee\/index.php\/tellimuskoolitused\/","title":{"rendered":"Tellimuskoolitused"},"content":{"rendered":"<p>Tellimuskoolitus on vastavalt Teie ettev\u00f5tte v\u00f5i organisatsiooni vajadustele, probleemidele ja<\/p>\n<p>oodatavale tulemusele koostatud spetsiaalselt v\u00e4ljat\u00f6\u00f6tatud programmiga koolitus.<\/p>\n<p>Tellimuskoolitus on tulemuslik ja efektiivne, sest:<\/p>\n<p>&#8211; Programmi koostamisel l\u00e4htume spetsiaalselt Teie ettev\u00f5tte vajadustest<\/p>\n<p>&#8211; \u00dchine \u00f5ppimine motiveerib ja suurendab koost\u00f6\u00f6vaimu<\/p>\n<p>&#8211; Koolituse viime l\u00e4bi Teile sobival ajal ja kohas<\/p>\n<p>&#8211; On hea v\u00f5imalus saada oma t\u00f6\u00f6tajatelt tagasisidet<\/p>\n<div class=\"csRow\">\n<div class=\"csColumnGap\" style=\"margin: 0px; padding: 0px; float: left; width: 1.67%;\"><img decoding=\"async\" style=\"border: none;\" src=\"https:\/\/www.estoniantraining.ee\/wp-content\/plugins\/advanced-wp-columns\/assets\/js\/plugins\/views\/img\/1x1-pixel.png\" \/><\/div>\n<div class=\"csColumn\" style=\"margin: 0px; padding: 0px; float: left; width: 27.8%;\" data-csstartpoint=\"16\" data-csendpoint=\"283\" data-cswidth=\"27.8%\" data-csid=\"7a70424f-b0cd-8a55-a9ed-cd05b608d892\">\n<p><strong>JUHTIMINE<\/strong><\/p>\n<p>Kuidas juhtida organisatsiooni? Kuidas juhtida inimesi? Kuidas viia l\u00e4bi arenguvestlusi? Siin on valik juhtimiskoolitusi, mis on m\u00f5eldud ettev\u00f5tte juhile v\u00f5i keskastmejuhile.<\/p>\n<p>-Strateegiline juhtimine<\/p>\n<p>-Muudatuste juhtimine<\/p>\n<p>-Organisatsioonikultuur<\/p>\n<p>-Erinevate organisatsioonikultuuride \u00fchtlustamine<\/p>\n<p>-Rahvusvaheliste koost\u00f6\u00f6suhete juhtimine<\/p>\n<p>-Juhtimise anatoomia<\/p>\n<p>&#8211;<em>Coachiv<\/em> juhtimine<\/p>\n<p>-Juht ja t\u00f6\u00f6 inimestega<\/p>\n<p>-Keskastmejuhtide koolitus<\/p>\n<p>-Arenguvestlused<\/p>\n<p>-Juhendamisoskused<\/p>\n<p>-L\u00e4bir\u00e4\u00e4kimised<\/p>\n<p>-Tootmise juhtimine<\/p>\n<p>-Tootmise planeerimine<\/p>\n<p>-Meeskonnat\u00f6\u00f6<\/p>\n<p>-Koost\u00f6\u00f6<\/p>\n<p>-Motiveerimine<\/p>\n<p>-Delegeerimine<\/p>\n<p>-Aja planeerimine<\/p>\n<\/div>\n<div class=\"csColumnGap\" style=\"margin: 0px; padding: 0px; float: left; width: 2.6%;\"><img decoding=\"async\" style=\"border: none;\" src=\"https:\/\/www.estoniantraining.ee\/wp-content\/plugins\/advanced-wp-columns\/assets\/js\/plugins\/views\/img\/1x1-pixel.png\" \/><\/div>\n<div class=\"csColumn\" style=\"margin: 0px; padding: 0px; float: left; width: 29.5%;\" data-csstartpoint=\"308\" data-csendpoint=\"591\" data-cswidth=\"29.5%\" data-csid=\"d0600052-c25d-0a5d-a1e2-ac947613e647\">\n<p><strong>KOMPETENTSUS<\/strong><\/p>\n<p>Kuidas edukalt juhtida projekte? Kuidas olla parem suhtleja? Kuidas rohkem m\u00fc\u00fca? Siin on valik p\u00e4devusi arendavaid koolitusi.<br \/>\n-Projektijuhtimine<\/p>\n<p>-Finantskoolitus<\/p>\n<p>-Koolitaja koolitus<\/p>\n<p>-Suhtlemisoskused<\/p>\n<p>-M\u00fc\u00fcgitreening<\/p>\n<p>-Telefonim\u00fc\u00fck<\/p>\n<p>-Ostu-m\u00fc\u00fcgi l\u00e4bir\u00e4\u00e4kimised<\/p>\n<p>-Klienditeenindus<\/p>\n<p>-T\u00f6\u00f6alane inglise keel<\/p>\n<p>-Spetsialistist juhiks<\/p>\n<p>-Projektijuhtimine ehitusfirmale<\/p>\n<\/div>\n<div class=\"csColumnGap\" style=\"margin: 0px; padding: 0px; float: left; width: 4.27%;\"><img decoding=\"async\" style=\"border: none;\" src=\"https:\/\/www.estoniantraining.ee\/wp-content\/plugins\/advanced-wp-columns\/assets\/js\/plugins\/views\/img\/1x1-pixel.png\" \/><\/div>\n<div class=\"csColumn\" style=\"margin: 0px; padding: 0px; float: left; width: 31.8%;\" data-csstartpoint=\"632\" data-csendpoint=\"937\" data-cswidth=\"31.8%\" data-csid=\"5fb3087d-25bc-d84b-bb0b-275885227e45\">\n<p><strong>ISIKSUS<\/strong><\/p>\n<p>Kuidas lahendada konflikte? Mida juhina v\u00f5iks teada ps\u00fchholoogiast? Kuidas v\u00f5idelda stressiga? Valik enesearenguga seotud koolitusi.<\/p>\n<p>&nbsp;<\/p>\n<p>-M\u00f5jutustehnikad<\/p>\n<p>-Konfliktide lahendamine<\/p>\n<p>-Juhtimisps\u00fchholoogia<\/p>\n<p>-Kuulamisoskus<\/p>\n<p>-Esinemisoskus<\/p>\n<p>-Kehtestav k\u00e4itumine<\/p>\n<p>-Isikliku edukuse arendamine<\/p>\n<p>-Stressi juhtimine ja eneseregulatsioon<\/p>\n<p>-Kriisik\u00e4itumine (ka \u00e4rikriis)<\/p>\n<p>-Kriisikommunikatsioon<\/p>\n<p>-Emotsioonide juhtimine<\/p>\n<p>-M\u00f5ttemustrite muutmine ehk innovaatiline m\u00f5tlemine<\/p>\n<p>-T\u00f6\u00f6\u00f5nne ja -rahulolu juhtimine<\/p>\n<p>-Efektiivne ajakasutus<\/p>\n<\/div>\n<div class=\"csColumnGap\" style=\"margin: 0px; padding: 0px; float: left; width: 2.4%;\"><img decoding=\"async\" style=\"border: none;\" src=\"https:\/\/www.estoniantraining.ee\/wp-content\/plugins\/advanced-wp-columns\/assets\/js\/plugins\/views\/img\/1x1-pixel.png\" \/><\/div>\n<div style=\"clear: both; float: none; display: block; visibility: hidden; width: 0px; font-size: 0px; line-height: 0;\"><\/div>\n<\/div>\n<p>&nbsp;<\/p>\n","protected":false},"excerpt":{"rendered":"<p>Tellimuskoolitus on vastavalt Teie ettev\u00f5tte v\u00f5i organisatsiooni vajadustele, probleemidele ja oodatavale tulemusele koostatud spetsiaalselt v\u00e4ljat\u00f6\u00f6tatud programmiga koolitus. Tellimuskoolitus on tulemuslik ja efektiivne, sest: &#8211; Programmi koostamisel l\u00e4htume spetsiaalselt Teie ettev\u00f5tte vajadustest &#8211; \u00dchine \u00f5ppimine motiveerib ja suurendab koost\u00f6\u00f6vaimu &#8211; Koolituse viime l\u00e4bi Teile sobival ajal ja kohas &#8211; On hea v\u00f5imalus saada oma t\u00f6\u00f6tajatelt tagasisidet<\/p>\n<p><a href=\"https:\/\/www.estoniantraining.ee\/index.php\/tellimuskoolitused\/\" class=\"more-link themebutton\">Read More<\/a><\/p>\n","protected":false},"author":1,"featured_media":0,"parent":0,"menu_order":2,"comment_status":"closed","ping_status":"closed","template":"","meta":{"jetpack_post_was_ever_published":false,"footnotes":"","_links_to":"","_links_to_target":""},"class_list":["post-10","page","type-page","status-publish","hentry"],"jetpack_sharing_enabled":true,"jetpack_shortlink":"https:\/\/wp.me\/P8uew4-a","_links":{"self":[{"href":"https:\/\/www.estoniantraining.ee\/index.php\/wp-json\/wp\/v2\/pages\/10"}],"collection":[{"href":"https:\/\/www.estoniantraining.ee\/index.php\/wp-json\/wp\/v2\/pages"}],"about":[{"href":"https:\/\/www.estoniantraining.ee\/index.php\/wp-json\/wp\/v2\/types\/page"}],"author":[{"embeddable":true,"href":"https:\/\/www.estoniantraining.ee\/index.php\/wp-json\/wp\/v2\/users\/1"}],"replies":[{"embeddable":true,"href":"https:\/\/www.estoniantraining.ee\/index.php\/wp-json\/wp\/v2\/comments?post=10"}],"version-history":[{"count":5,"href":"https:\/\/www.estoniantraining.ee\/index.php\/wp-json\/wp\/v2\/pages\/10\/revisions"}],"predecessor-version":[{"id":219,"href":"https:\/\/www.estoniantraining.ee\/index.php\/wp-json\/wp\/v2\/pages\/10\/revisions\/219"}],"wp:attachment":[{"href":"https:\/\/www.estoniantraining.ee\/index.php\/wp-json\/wp\/v2\/media?parent=10"}],"curies":[{"name":"wp","href":"https:\/\/api.w.org\/{rel}","templated":true}]}}