{"id":221,"date":"2022-09-27T11:30:00","date_gmt":"2022-09-27T11:30:00","guid":{"rendered":"https:\/\/www.estoniantraining.ee\/?page_id=221"},"modified":"2022-09-28T07:49:16","modified_gmt":"2022-09-28T07:49:16","slug":"karjaarinoustamine","status":"publish","type":"page","link":"https:\/\/www.estoniantraining.ee\/index.php\/karjaarinoustamine\/","title":{"rendered":"Karj\u00e4\u00e4rin\u00f5ustamine"},"content":{"rendered":"<p><strong>Karj\u00e4\u00e4rin\u00f5ustamine<\/strong> on vestlus n\u00f5ustaja ja kliendi vahel, mille k\u00e4igus toimub kliendi t\u00f6\u00f6\u2013 v\u00f5i haridusalaste valikute ja otsuste tegemise toetamine. <\/p>\n<p><strong>Karj\u00e4\u00e4rin\u00f5ustajana<\/strong> keskendun Sinus peituvate v\u00f5imete ja oskuste avastamisele ning aitan Sul saada teadlikumaks iseendast. Julgustades j\u00e4rgima ka oma unistusi ning vajadusel elus kannap\u00f6\u00f6rdeid tegema. Millegi uue \u00f5ppimine t\u00f5stab enesekindlust ja motivatsiooni. Vajadusel jagan infot t\u00f6\u00f6turu ja haridusmaastiku kohta ja aitan koostada sobivat CV-d ning motivatsioonikirja  v\u00f5i annan juhiseid, kuidas valmistuda t\u00f6\u00f6vestluseks. <\/p>\n<p>N\u00f5ustamisel toetan Sind k\u00fcsimuste, erinevate n\u00f5ustamistehnikate, testide ning harjutustega, mis aitavad Sinul leida enda sees olevat potentsiaali, et j\u00f5uaksid sobiva lahenduse ja otsuseni kas siis hariduse-, t\u00f6\u00f6- v\u00f5i karj\u00e4\u00e4riplaneerimise vallas.<\/p>\n<p><strong>Tule karj\u00e4\u00e4rin\u00f5ustamisele, kui oled eluetapil m\u00f5ne j\u00e4rgmise v\u00e4ljakutse ees:<\/strong><br \/>\n&#8211; Eriala v\u00f5i elukutse valik (\u00f5pilased, \u00fcli\u00f5pilased)<br \/>\n&#8211; T\u00f6\u00f6 kaotus v\u00f5i koondamine<br \/>\n&#8211; T\u00f6\u00f6koha\/eriala vahetamine (ka rahulolematus olemasoleva t\u00f6\u00f6koha\/erialaga)<br \/>\n&#8211; Uuele t\u00f6\u00f6kohale kandideerimine (CV koostamine, motivatsioonikiri, t\u00f6\u00f6intervjuu)<br \/>\n&#8211; Karj\u00e4\u00e4riplaani koostamine<\/p>\n","protected":false},"excerpt":{"rendered":"<p>Karj\u00e4\u00e4rin\u00f5ustamine on vestlus n\u00f5ustaja ja kliendi vahel, mille k\u00e4igus toimub kliendi t\u00f6\u00f6\u2013 v\u00f5i haridusalaste valikute ja otsuste tegemise toetamine. Karj\u00e4\u00e4rin\u00f5ustajana keskendun Sinus peituvate v\u00f5imete ja oskuste avastamisele ning aitan Sul saada teadlikumaks iseendast. Julgustades j\u00e4rgima ka oma unistusi ning vajadusel elus kannap\u00f6\u00f6rdeid tegema. Millegi uue \u00f5ppimine t\u00f5stab enesekindlust ja motivatsiooni. Vajadusel jagan infot t\u00f6\u00f6turu ja<\/p>\n<p><a href=\"https:\/\/www.estoniantraining.ee\/index.php\/karjaarinoustamine\/\" class=\"more-link themebutton\">Read More<\/a><\/p>\n","protected":false},"author":1,"featured_media":0,"parent":0,"menu_order":3,"comment_status":"closed","ping_status":"closed","template":"","meta":{"jetpack_post_was_ever_published":false,"footnotes":"","_links_to":"","_links_to_target":""},"class_list":["post-221","page","type-page","status-publish","hentry"],"jetpack_sharing_enabled":true,"jetpack_shortlink":"https:\/\/wp.me\/P8uew4-3z","_links":{"self":[{"href":"https:\/\/www.estoniantraining.ee\/index.php\/wp-json\/wp\/v2\/pages\/221"}],"collection":[{"href":"https:\/\/www.estoniantraining.ee\/index.php\/wp-json\/wp\/v2\/pages"}],"about":[{"href":"https:\/\/www.estoniantraining.ee\/index.php\/wp-json\/wp\/v2\/types\/page"}],"author":[{"embeddable":true,"href":"https:\/\/www.estoniantraining.ee\/index.php\/wp-json\/wp\/v2\/users\/1"}],"replies":[{"embeddable":true,"href":"https:\/\/www.estoniantraining.ee\/index.php\/wp-json\/wp\/v2\/comments?post=221"}],"version-history":[{"count":4,"href":"https:\/\/www.estoniantraining.ee\/index.php\/wp-json\/wp\/v2\/pages\/221\/revisions"}],"predecessor-version":[{"id":225,"href":"https:\/\/www.estoniantraining.ee\/index.php\/wp-json\/wp\/v2\/pages\/221\/revisions\/225"}],"wp:attachment":[{"href":"https:\/\/www.estoniantraining.ee\/index.php\/wp-json\/wp\/v2\/media?parent=221"}],"curies":[{"name":"wp","href":"https:\/\/api.w.org\/{rel}","templated":true}]}}