{"id":73,"date":"2016-11-24T11:59:32","date_gmt":"2016-11-24T11:59:32","guid":{"rendered":"http:\/\/estra.com.ee\/?page_id=73"},"modified":"2024-10-04T08:46:08","modified_gmt":"2024-10-04T08:46:08","slug":"estra","status":"publish","type":"page","link":"https:\/\/www.estoniantraining.ee\/","title":{"rendered":"Firmast"},"content":{"rendered":"<p>Edu aluseks on areng. Estonian Trainingu eesm\u00e4rgiks on oma klientide arengu ja edukuse<\/p>\n<p>toetamine koolitamise kaudu. Estonian Training pakub firmasiseseid tellimuskoolitusi, mis<\/p>\n<p>v\u00f5ivad olla nii \u00fche- kui kahep\u00e4evased, kuid samas ka pikki &#8211; moodulitest koosnevaid arenguprogramme.<\/p>\n<p>Seda toetab meie pikaaegne kogemus koolitusvaldkonnas ning lai koost\u00f6\u00f6partneritest koolitajate<\/p>\n<p>v\u00f5rgustik. Teeme koost\u00f6\u00f6d tuntud ja hinnatud koolitajatega nagu Dmitri Volov, Tiit Valm,<\/p>\n<p>Margus Alviste, Hille Luht-Pihelgas, Helle Kahro, Tauri Tallermaa, Aires Padar jt. Koolitusi on v\u00f5imalik l\u00e4bi<\/p>\n<p>viia ka vene ja inglise keeles ning nii kontakt- kui veebi\u00f5ppe vormis.<\/p>\n<p>Meie koolitused on:<\/p>\n<p>&#8211; Professionaalsed ja kaasaegsed<\/p>\n<p>&#8211; Paindlikud ja kliendi vajadustest l\u00e4htuvad<\/p>\n<p>&#8211; Rakenduslikud ja usaldusv\u00e4\u00e4rsed<\/p>\n<p><strong>MERLE TATTER<\/strong><\/p>\n<p>Merle on Estonian Trainingu (ESTra O\u00dc) looja ja koolituste projektijuht. Merle omandas k\u00f5rghariduse<\/p>\n<p>personaljuhtimises Audentese \u00dclikoolis ja magistrikraadi andragoogikas Tallinna \u00dclikoolis.<\/p>\n<p>Kirjutanud magistrit\u00f6\u00f6 teemal \u201eT\u00e4iskasvanukoolitaja v\u00e4\u00e4rtused koolituspraktikas\u201c.<\/p>\n<p>Koolitusvaldkonnas t\u00f6\u00f6tamise kogemust ja erinevate koolituse arendusprojektide juhtimisega on<\/p>\n<p>Merle tegelenud viimased 20 aastat. Ta on t\u00f6\u00f6tanud koolitusfirmades Audentes Ariko ja Invicta<\/p>\n<p>koolituskonsultandina ja \u00c4rip\u00e4eva Akadeemias koolitusjuhina, kus tegelenud<\/p>\n<p>tootearenduse ja arenguprogrammide v\u00e4ljat\u00f6\u00f6tamise ja koostamisega ning vedanud koost\u00f6\u00f6d<\/p>\n<p>koolitajatega. Omab laia koolitajate v\u00f5rgustikku ja leiab Teie vajadustele parima koolitaja ning k\u00f5igi<\/p>\n<p>kolme osapoole koost\u00f6\u00f6s valmib tulemuslik koolitusprogramm.<\/p>\n<p>Valik kliente, kellega oleme koost\u00f6\u00f6d teinud: Eesti Maa\u00fclikool, ETS NORD AS, Utilitas Tallinn AS, Tallinna Vesi AS, P\u00e4rnu Haigla SA, Maa-amet, H\u00e4irekeskus, Kolmeks AS, Magnetic MRO AS, \u00c4rip\u00e4ev AS, Hoolekandeteenused AS, N\u00f5mme Linnaosa Valitsus, Rapla Vallavalitsus, Konesko AS, Koduekstra O\u00dc, Lantm\u00e4nnen Unibake Estonia AS, P\u00e4rnu Vesi AS, Premier Restaurants Eesti O\u00dc, Eesti Tervishoiut\u00f6\u00f6tajate Kutseliit, Eesti Liinirongid AS jne.<\/p>\n","protected":false},"excerpt":{"rendered":"<p>Edu aluseks on areng. Estonian Trainingu eesm\u00e4rgiks on oma klientide arengu ja edukuse toetamine koolitamise kaudu. Estonian Training pakub firmasiseseid tellimuskoolitusi, mis v\u00f5ivad olla nii \u00fche- kui kahep\u00e4evased, kuid samas ka pikki &#8211; moodulitest koosnevaid arenguprogramme. Seda toetab meie pikaaegne kogemus koolitusvaldkonnas ning lai koost\u00f6\u00f6partneritest koolitajate v\u00f5rgustik. Teeme koost\u00f6\u00f6d tuntud ja hinnatud koolitajatega nagu Dmitri<\/p>\n<p><a href=\"https:\/\/www.estoniantraining.ee\/\" class=\"more-link themebutton\">Read More<\/a><\/p>\n","protected":false},"author":1,"featured_media":0,"parent":0,"menu_order":1,"comment_status":"closed","ping_status":"closed","template":"","meta":{"jetpack_post_was_ever_published":false,"footnotes":"","_links_to":"","_links_to_target":""},"class_list":["post-73","page","type-page","status-publish","hentry"],"jetpack_sharing_enabled":true,"jetpack_shortlink":"https:\/\/wp.me\/P8uew4-1b","_links":{"self":[{"href":"https:\/\/www.estoniantraining.ee\/index.php\/wp-json\/wp\/v2\/pages\/73"}],"collection":[{"href":"https:\/\/www.estoniantraining.ee\/index.php\/wp-json\/wp\/v2\/pages"}],"about":[{"href":"https:\/\/www.estoniantraining.ee\/index.php\/wp-json\/wp\/v2\/types\/page"}],"author":[{"embeddable":true,"href":"https:\/\/www.estoniantraining.ee\/index.php\/wp-json\/wp\/v2\/users\/1"}],"replies":[{"embeddable":true,"href":"https:\/\/www.estoniantraining.ee\/index.php\/wp-json\/wp\/v2\/comments?post=73"}],"version-history":[{"count":5,"href":"https:\/\/www.estoniantraining.ee\/index.php\/wp-json\/wp\/v2\/pages\/73\/revisions"}],"predecessor-version":[{"id":254,"href":"https:\/\/www.estoniantraining.ee\/index.php\/wp-json\/wp\/v2\/pages\/73\/revisions\/254"}],"wp:attachment":[{"href":"https:\/\/www.estoniantraining.ee\/index.php\/wp-json\/wp\/v2\/media?parent=73"}],"curies":[{"name":"wp","href":"https:\/\/api.w.org\/{rel}","templated":true}]}}